{"id":5748,"date":"2023-12-16T13:40:14","date_gmt":"2023-12-16T12:40:14","guid":{"rendered":"https:\/\/www.culturedobjet.fr\/?page_id=5748"},"modified":"2023-12-20T17:05:16","modified_gmt":"2023-12-20T16:05:16","slug":"mentions-legales","status":"publish","type":"page","link":"https:\/\/www.culturedobjet.fr\/en\/mentions-legales\/","title":{"rendered":"Mentions l\u00e9gales"},"content":{"rendered":"<div data-elementor-type=\"wp-page\" data-elementor-id=\"5748\" class=\"elementor elementor-5748\" data-elementor-post-type=\"page\">\n\t\t\t\t\t\t\t\t\t<section class=\"elementor-section elementor-top-section elementor-element elementor-element-588e8567 elementor-section-boxed elementor-section-height-default elementor-section-height-default\" data-id=\"588e8567\" data-element_type=\"section\">\n\t\t\t\t\t\t<div class=\"elementor-container elementor-column-gap-default\">\n\t\t\t\t\t<div class=\"elementor-column elementor-col-100 elementor-top-column elementor-element elementor-element-453eab42\" data-id=\"453eab42\" data-element_type=\"column\" data-settings=\"{&quot;background_background&quot;:&quot;classic&quot;}\">\n\t\t\t<div class=\"elementor-widget-wrap elementor-element-populated\">\n\t\t\t\t\t\t\t\t<div class=\"elementor-element elementor-element-e1b008e elementor-widget elementor-widget-heading\" data-id=\"e1b008e\" data-element_type=\"widget\" data-widget_type=\"heading.default\">\n\t\t\t\t<div class=\"elementor-widget-container\">\n\t\t\t<style>\/*! elementor - v3.18.0 - 08-12-2023 *\/\n.elementor-heading-title{padding:0;margin:0;line-height:1}.elementor-widget-heading .elementor-heading-title[class*=elementor-size-]>a{color:inherit;font-size:inherit;line-height:inherit}.elementor-widget-heading .elementor-heading-title.elementor-size-small{font-size:15px}.elementor-widget-heading .elementor-heading-title.elementor-size-medium{font-size:19px}.elementor-widget-heading .elementor-heading-title.elementor-size-large{font-size:29px}.elementor-widget-heading .elementor-heading-title.elementor-size-xl{font-size:39px}.elementor-widget-heading .elementor-heading-title.elementor-size-xxl{font-size:59px}<\/style><h2 class=\"elementor-heading-title elementor-size-default\">Mentions l\u00e9gales<\/h2>\t\t<\/div>\n\t\t\t\t<\/div>\n\t\t\t\t<div class=\"elementor-element elementor-element-8e818f0 elementor-widget elementor-widget-text-editor\" data-id=\"8e818f0\" data-element_type=\"widget\" data-widget_type=\"text-editor.default\">\n\t\t\t\t<div class=\"elementor-widget-container\">\n\t\t\t<style>\/*! elementor - v3.18.0 - 08-12-2023 *\/\n.elementor-widget-text-editor.elementor-drop-cap-view-stacked .elementor-drop-cap{background-color:#69727d;color:#fff}.elementor-widget-text-editor.elementor-drop-cap-view-framed .elementor-drop-cap{color:#69727d;border:3px solid;background-color:transparent}.elementor-widget-text-editor:not(.elementor-drop-cap-view-default) .elementor-drop-cap{margin-top:8px}.elementor-widget-text-editor:not(.elementor-drop-cap-view-default) .elementor-drop-cap-letter{width:1em;height:1em}.elementor-widget-text-editor .elementor-drop-cap{float:left;text-align:center;line-height:1;font-size:50px}.elementor-widget-text-editor .elementor-drop-cap-letter{display:inline-block}<\/style>\t\t\t\t<h6>Culture d\u2019Objet<\/h6><p>32 rue Antoine Ferchault de R\u00e9aumur<br \/>85200 Fontenay le Comte<\/p><p>T\u00e9l : 02 51 51 31 34<br \/><a href=\"mailto:contact@culturedobjet.fr\">contact@culturedobjet.fr<\/a><\/p><h6><strong><br \/><\/strong>Directeur de publication<\/h6><p>Patrice Carnet<\/p><h6><strong><br \/><\/strong>Conception technique, r\u00e9daction, r\u00e9alisation et h\u00e9bergement<\/h6><p>Bureau Curare<\/p><h6><br \/>Photographie<\/h6><p>\u00a9 Photo Grand Rex \u00e0 Paris :\u00a0Stanislas Gros \/ ABP Architectes.<br \/><br \/><\/p><h6>Droit de modification<\/h6><p>L\u2019internaute reconna\u00eet que l\u2019utilisation du site <a href=\"https:\/\/www.culturedobjet.fr\/en\/\">www.culturedobjet.fr<\/a> est r\u00e9gie par le droit fran\u00e7ais.Le contenu du site est mis \u00e0 disposition pour un usage priv\u00e9 et non exclusif. Ce droit d\u2019utilisation comprend le droit de stockage sur \u00e9cran monoposte et le droit de reproduction aux conditions ci-apr\u00e8s d\u00e9finies. Il interdit la r\u00e9cup\u00e9ration des bases de donn\u00e9es.<\/p><h6>Copies ou reproductions<\/h6><p>Toute reproduction, int\u00e9grale ou partielle, des textes publi\u00e9s dans le site n\u2019est pas soumise \u00e0 une autorisation pr\u00e9alable mais doit toutefois obligatoirement comporter la mention suivante : <a href=\"https:\/\/www.culturedobjet.fr\/en\/\">www.culturedobjet.fr<\/a><a href=\"https:\/\/www.culturedobjet.fr\/en\/\"><br \/><\/a>Sont en revanche soumis \u00e0 une autorisation pr\u00e9alable les textes portant la mention Usage r\u00e9serv\u00e9. La demande d\u2019autorisation doit \u00eatre adress\u00e9e au Directeur de publication qui assortira son autorisation, partielle ou int\u00e9grale, d\u2019une mention sp\u00e9cifique qui devra \u00eatre imp\u00e9rativement indiqu\u00e9e.<br \/>Les photographies, images fixes ou anim\u00e9es, ne peuvent \u00eatre reproduites sans autorisation pr\u00e9alable et d\u00e8s lors qu\u2019un droit de copie serait accord\u00e9, la mention du copyright indiqu\u00e9e au demandeur par l\u2019administrateur du site devrait imp\u00e9rativement figurer sur le support utilis\u00e9 \u00e0 cette fin.<br \/>Les logos, visuels et marques pr\u00e9sents sur ce site sont la propri\u00e9t\u00e9 de <a href=\"https:\/\/www.culturedobjet.fr\/en\/\">www.culturedobjet.fr<\/a> ou de structures partenaires.<\/p><h6>Responsabilit\u00e9<\/h6><p>En qualit\u00e9 de fabricant d\u2019\u00e9l\u00e9ments d\u2019ameublement (EA) nous sommes soumis \u00e0 la REP EA (Responsabilit\u00e9 Engag\u00e9 du Producteur d\u2019El\u00e9ments d\u2019Ameublement). A ce titre nous collectons l\u2019\u00e9co-contribution sur nos productions et avons un num\u00e9ro d\u2019identifiant unique (IDU) au SYREDEP de metteur sur le march\u00e9 : FR 038362-10LZEI<\/p><h6>Responsabilit\u00e9 de l\u2019\u00e9diteur<\/h6><p>Ce site fournit des liens vers des sites ext\u00e9rieurs \u00e0 titre de commodit\u00e9. Il peut aussi, \u00e0 son insu, avoir \u00e9t\u00e9 reli\u00e9 \u00e0 d\u2019autres sites par le biais de liens hypermedia. <a href=\"https:\/\/www.culturedobjet.fr\/en\/\">www.culturedobjet.fr<\/a>, d\u00e9cline toute responsabilit\u00e9 pour les informations pr\u00e9sent\u00e9es sur ces autres sites.<\/p>\t\t\t\t\t\t<\/div>\n\t\t\t\t<\/div>\n\t\t\t\t\t<\/div>\n\t\t<\/div>\n\t\t\t\t\t\t\t<\/div>\n\t\t<\/section>\n\t\t\t\t<section class=\"elementor-section elementor-top-section elementor-element elementor-element-13ee69c elementor-section-boxed elementor-section-height-default elementor-section-height-default\" data-id=\"13ee69c\" data-element_type=\"section\">\n\t\t\t\t\t\t<div class=\"elementor-container elementor-column-gap-default\">\n\t\t\t\t\t<div class=\"elementor-column elementor-col-100 elementor-top-column elementor-element elementor-element-633a519\" data-id=\"633a519\" data-element_type=\"column\">\n\t\t\t<div class=\"elementor-widget-wrap elementor-element-populated\">\n\t\t\t\t\t\t\t\t<div class=\"elementor-element elementor-element-8c1a3d7 elementor-widget elementor-widget-spacer\" data-id=\"8c1a3d7\" data-element_type=\"widget\" data-widget_type=\"spacer.default\">\n\t\t\t\t<div class=\"elementor-widget-container\">\n\t\t\t<style>\/*! elementor - v3.18.0 - 08-12-2023 *\/\n.elementor-column .elementor-spacer-inner{height:var(--spacer-size)}.e-con{--container-widget-width:100%}.e-con-inner>.elementor-widget-spacer,.e-con>.elementor-widget-spacer{width:var(--container-widget-width,var(--spacer-size));--align-self:var(--container-widget-align-self,initial);--flex-shrink:0}.e-con-inner>.elementor-widget-spacer>.elementor-widget-container,.e-con>.elementor-widget-spacer>.elementor-widget-container{height:100%;width:100%}.e-con-inner>.elementor-widget-spacer>.elementor-widget-container>.elementor-spacer,.e-con>.elementor-widget-spacer>.elementor-widget-container>.elementor-spacer{height:100%}.e-con-inner>.elementor-widget-spacer>.elementor-widget-container>.elementor-spacer>.elementor-spacer-inner,.e-con>.elementor-widget-spacer>.elementor-widget-container>.elementor-spacer>.elementor-spacer-inner{height:var(--container-widget-height,var(--spacer-size))}.e-con-inner>.elementor-widget-spacer.elementor-widget-empty,.e-con>.elementor-widget-spacer.elementor-widget-empty{position:relative;min-height:22px;min-width:22px}.e-con-inner>.elementor-widget-spacer.elementor-widget-empty .elementor-widget-empty-icon,.e-con>.elementor-widget-spacer.elementor-widget-empty .elementor-widget-empty-icon{position:absolute;top:0;bottom:0;left:0;right:0;margin:auto;padding:0;width:22px;height:22px}<\/style>\t\t<div class=\"elementor-spacer\">\n\t\t\t<div class=\"elementor-spacer-inner\"><\/div>\n\t\t<\/div>\n\t\t\t\t<\/div>\n\t\t\t\t<\/div>\n\t\t\t\t\t<\/div>\n\t\t<\/div>\n\t\t\t\t\t\t\t<\/div>\n\t\t<\/section>\n\t\t\t\t\t\t\t<\/div>","protected":false},"excerpt":{"rendered":"<p>Mentions l\u00e9gales Culture d\u2019Objet 32 rue Antoine Ferchault de R\u00e9aumur85200 Fontenay le Comte T\u00e9l : 02 51 51 31 34contact@culturedobjet.fr Directeur de publication Patrice Carnet Conception technique, r\u00e9daction, r\u00e9alisation et h\u00e9bergement Bureau Curare Photographie \u00a9 Photo Grand Rex \u00e0 Paris :\u00a0Stanislas Gros \/ ABP Architectes. Droit de modification L\u2019internaute reconna\u00eet que l\u2019utilisation du site www.culturedobjet.fr [&hellip;]<\/p>","protected":false},"author":1,"featured_media":0,"parent":0,"menu_order":0,"comment_status":"closed","ping_status":"closed","template":"","meta":{"footnotes":""},"class_list":["post-5748","page","type-page","status-publish","hentry"],"yoast_head":"<!-- This site is optimized with the Yoast SEO plugin v21.7 - https:\/\/yoast.com\/wordpress\/plugins\/seo\/ -->\n<title>Mentions l\u00e9gales - Culture d&#039;objet<\/title>\n<meta name=\"description\" content=\"Aux c\u00f4t\u00e9s des prestigieuses maisons de luxe, Culture d\u2019Objet concr\u00e9tise les ambitions des esprits les plus cr\u00e9atifs.\" \/>\n<meta name=\"robots\" content=\"index, follow, max-snippet:-1, max-image-preview:large, max-video-preview:-1\" \/>\n<link rel=\"canonical\" href=\"https:\/\/www.culturedobjet.fr\/en\/mentions-legales\/\" \/>\n<meta property=\"og:locale\" content=\"en_GB\" \/>\n<meta property=\"og:type\" content=\"article\" \/>\n<meta property=\"og:title\" content=\"Mentions l\u00e9gales - Culture d&#039;objet\" \/>\n<meta property=\"og:description\" content=\"Aux c\u00f4t\u00e9s des prestigieuses maisons de luxe, Culture d\u2019Objet concr\u00e9tise les ambitions des esprits les plus cr\u00e9atifs.\" \/>\n<meta property=\"og:url\" content=\"https:\/\/www.culturedobjet.fr\/en\/mentions-legales\/\" \/>\n<meta property=\"og:site_name\" content=\"Culture d&#039;objet\" \/>\n<meta property=\"article:publisher\" content=\"https:\/\/www.facebook.com\/people\/Culture-dObjet\/100066495769004\/\" \/>\n<meta property=\"article:modified_time\" content=\"2023-12-20T16:05:16+00:00\" \/>\n<meta name=\"twitter:card\" content=\"summary_large_image\" \/>\n<meta name=\"twitter:label1\" content=\"Estimated reading time\" \/>\n\t<meta name=\"twitter:data1\" content=\"2 minutes\" \/>\n<script type=\"application\/ld+json\" class=\"yoast-schema-graph\">{\"@context\":\"https:\/\/schema.org\",\"@graph\":[{\"@type\":\"WebPage\",\"@id\":\"https:\/\/www.culturedobjet.fr\/mentions-legales\/\",\"url\":\"https:\/\/www.culturedobjet.fr\/mentions-legales\/\",\"name\":\"Mentions l\u00e9gales - Culture d&#039;objet\",\"isPartOf\":{\"@id\":\"https:\/\/www.culturedobjet.fr\/#website\"},\"datePublished\":\"2023-12-16T12:40:14+00:00\",\"dateModified\":\"2023-12-20T16:05:16+00:00\",\"description\":\"Aux c\u00f4t\u00e9s des prestigieuses maisons de luxe, Culture d\u2019Objet concr\u00e9tise les ambitions des esprits les plus cr\u00e9atifs.\",\"breadcrumb\":{\"@id\":\"https:\/\/www.culturedobjet.fr\/mentions-legales\/#breadcrumb\"},\"inLanguage\":\"en-GB\",\"potentialAction\":[{\"@type\":\"ReadAction\",\"target\":[\"https:\/\/www.culturedobjet.fr\/mentions-legales\/\"]}]},{\"@type\":\"BreadcrumbList\",\"@id\":\"https:\/\/www.culturedobjet.fr\/mentions-legales\/#breadcrumb\",\"itemListElement\":[{\"@type\":\"ListItem\",\"position\":1,\"name\":\"Accueil\",\"item\":\"https:\/\/www.culturedobjet.fr\/\"},{\"@type\":\"ListItem\",\"position\":2,\"name\":\"Mentions l\u00e9gales\"}]},{\"@type\":\"WebSite\",\"@id\":\"https:\/\/www.culturedobjet.fr\/#website\",\"url\":\"https:\/\/www.culturedobjet.fr\/\",\"name\":\"Culture d'Objet\",\"description\":\"Fa\u00e7onnier d&#039;univers responsable\",\"publisher\":{\"@id\":\"https:\/\/www.culturedobjet.fr\/#organization\"},\"potentialAction\":[{\"@type\":\"SearchAction\",\"target\":{\"@type\":\"EntryPoint\",\"urlTemplate\":\"https:\/\/www.culturedobjet.fr\/?s={search_term_string}\"},\"query-input\":\"required name=search_term_string\"}],\"inLanguage\":\"en-GB\"},{\"@type\":\"Organization\",\"@id\":\"https:\/\/www.culturedobjet.fr\/#organization\",\"name\":\"Culture d'Objet\",\"url\":\"https:\/\/www.culturedobjet.fr\/\",\"logo\":{\"@type\":\"ImageObject\",\"inLanguage\":\"en-GB\",\"@id\":\"https:\/\/www.culturedobjet.fr\/#\/schema\/logo\/image\/\",\"url\":\"https:\/\/www.culturedobjet.fr\/wp-content\/uploads\/2022\/10\/cropped-LOGO-CDO-ROUGE-GEN.png\",\"contentUrl\":\"https:\/\/www.culturedobjet.fr\/wp-content\/uploads\/2022\/10\/cropped-LOGO-CDO-ROUGE-GEN.png\",\"width\":1400,\"height\":400,\"caption\":\"Culture d'Objet\"},\"image\":{\"@id\":\"https:\/\/www.culturedobjet.fr\/#\/schema\/logo\/image\/\"},\"sameAs\":[\"https:\/\/www.facebook.com\/people\/Culture-dObjet\/100066495769004\/\",\"https:\/\/www.instagram.com\/culturedobjet\/\",\"https:\/\/www.linkedin.com\/company\/groupe-cdo\"]}]}<\/script>\n<!-- \/ Yoast SEO plugin. -->","yoast_head_json":{"title":"Mentions l\u00e9gales - Culture d&#039;objet","description":"Aux c\u00f4t\u00e9s des prestigieuses maisons de luxe, Culture d\u2019Objet concr\u00e9tise les ambitions des esprits les plus cr\u00e9atifs.","robots":{"index":"index","follow":"follow","max-snippet":"max-snippet:-1","max-image-preview":"max-image-preview:large","max-video-preview":"max-video-preview:-1"},"canonical":"https:\/\/www.culturedobjet.fr\/en\/mentions-legales\/","og_locale":"en_GB","og_type":"article","og_title":"Mentions l\u00e9gales - Culture d&#039;objet","og_description":"Aux c\u00f4t\u00e9s des prestigieuses maisons de luxe, Culture d\u2019Objet concr\u00e9tise les ambitions des esprits les plus cr\u00e9atifs.","og_url":"https:\/\/www.culturedobjet.fr\/en\/mentions-legales\/","og_site_name":"Culture d&#039;objet","article_publisher":"https:\/\/www.facebook.com\/people\/Culture-dObjet\/100066495769004\/","article_modified_time":"2023-12-20T16:05:16+00:00","twitter_card":"summary_large_image","twitter_misc":{"Estimated reading time":"2 minutes"},"schema":{"@context":"https:\/\/schema.org","@graph":[{"@type":"WebPage","@id":"https:\/\/www.culturedobjet.fr\/mentions-legales\/","url":"https:\/\/www.culturedobjet.fr\/mentions-legales\/","name":"Mentions l\u00e9gales - Culture d&#039;objet","isPartOf":{"@id":"https:\/\/www.culturedobjet.fr\/#website"},"datePublished":"2023-12-16T12:40:14+00:00","dateModified":"2023-12-20T16:05:16+00:00","description":"Aux c\u00f4t\u00e9s des prestigieuses maisons de luxe, Culture d\u2019Objet concr\u00e9tise les ambitions des esprits les plus cr\u00e9atifs.","breadcrumb":{"@id":"https:\/\/www.culturedobjet.fr\/mentions-legales\/#breadcrumb"},"inLanguage":"en-GB","potentialAction":[{"@type":"ReadAction","target":["https:\/\/www.culturedobjet.fr\/mentions-legales\/"]}]},{"@type":"BreadcrumbList","@id":"https:\/\/www.culturedobjet.fr\/mentions-legales\/#breadcrumb","itemListElement":[{"@type":"ListItem","position":1,"name":"Accueil","item":"https:\/\/www.culturedobjet.fr\/"},{"@type":"ListItem","position":2,"name":"Mentions l\u00e9gales"}]},{"@type":"WebSite","@id":"https:\/\/www.culturedobjet.fr\/#website","url":"https:\/\/www.culturedobjet.fr\/","name":"Culture d'Objet","description":"Fa\u00e7onnier d&#039;univers responsable","publisher":{"@id":"https:\/\/www.culturedobjet.fr\/#organization"},"potentialAction":[{"@type":"SearchAction","target":{"@type":"EntryPoint","urlTemplate":"https:\/\/www.culturedobjet.fr\/?s={search_term_string}"},"query-input":"required name=search_term_string"}],"inLanguage":"en-GB"},{"@type":"Organization","@id":"https:\/\/www.culturedobjet.fr\/#organization","name":"Culture d'Objet","url":"https:\/\/www.culturedobjet.fr\/","logo":{"@type":"ImageObject","inLanguage":"en-GB","@id":"https:\/\/www.culturedobjet.fr\/#\/schema\/logo\/image\/","url":"https:\/\/www.culturedobjet.fr\/wp-content\/uploads\/2022\/10\/cropped-LOGO-CDO-ROUGE-GEN.png","contentUrl":"https:\/\/www.culturedobjet.fr\/wp-content\/uploads\/2022\/10\/cropped-LOGO-CDO-ROUGE-GEN.png","width":1400,"height":400,"caption":"Culture d'Objet"},"image":{"@id":"https:\/\/www.culturedobjet.fr\/#\/schema\/logo\/image\/"},"sameAs":["https:\/\/www.facebook.com\/people\/Culture-dObjet\/100066495769004\/","https:\/\/www.instagram.com\/culturedobjet\/","https:\/\/www.linkedin.com\/company\/groupe-cdo"]}]}},"_links":{"self":[{"href":"https:\/\/www.culturedobjet.fr\/en\/wp-json\/wp\/v2\/pages\/5748","targetHints":{"allow":["GET"]}}],"collection":[{"href":"https:\/\/www.culturedobjet.fr\/en\/wp-json\/wp\/v2\/pages"}],"about":[{"href":"https:\/\/www.culturedobjet.fr\/en\/wp-json\/wp\/v2\/types\/page"}],"author":[{"embeddable":true,"href":"https:\/\/www.culturedobjet.fr\/en\/wp-json\/wp\/v2\/users\/1"}],"replies":[{"embeddable":true,"href":"https:\/\/www.culturedobjet.fr\/en\/wp-json\/wp\/v2\/comments?post=5748"}],"version-history":[{"count":10,"href":"https:\/\/www.culturedobjet.fr\/en\/wp-json\/wp\/v2\/pages\/5748\/revisions"}],"predecessor-version":[{"id":6018,"href":"https:\/\/www.culturedobjet.fr\/en\/wp-json\/wp\/v2\/pages\/5748\/revisions\/6018"}],"wp:attachment":[{"href":"https:\/\/www.culturedobjet.fr\/en\/wp-json\/wp\/v2\/media?parent=5748"}],"curies":[{"name":"wp","href":"https:\/\/api.w.org\/{rel}","templated":true}]}}